{"id":30954,"date":"2024-01-30T08:19:55","date_gmt":"2024-01-30T08:19:55","guid":{"rendered":"https:\/\/carlocao.com\/accessibility-statement\/"},"modified":"2024-01-30T15:04:33","modified_gmt":"2024-01-30T15:04:33","slug":"erklaerung-zur-barrierefreiheit","status":"publish","type":"page","link":"https:\/\/carlocao.com\/de\/erklaerung-zur-barrierefreiheit\/","title":{"rendered":"Erkl\u00e4rung zur Barrierefreiheit"},"content":{"rendered":"\n<h2 class=\"wp-block-heading\">Allgemein<\/h2>\n\n\n\n<p>Carlo Cao ist bestrebt sicherzustellen, dass seine Dienste f\u00fcr Menschen mit Behinderungen zug\u00e4nglich sind. Carlo Cao hat eine erhebliche Menge an Ressourcen investiert, um sicherzustellen, dass carlocao.com f\u00fcr Menschen mit Behinderungen einfacher zu nutzen und zug\u00e4nglicher ist, in der festen \u00dcberzeugung, dass die Bem\u00fchungen um die Zug\u00e4nglichkeit der Website allen Nutzern helfen.<\/p>\n\n\n\n<h2 class=\"wp-block-heading\">Haftungsausschluss<\/h2>\n\n\n\n<p>Carlo Cao setzt seine Bem\u00fchungen fort, die Zug\u00e4nglichkeit seiner Website und seiner Dienste st\u00e4ndig zu verbessern, in der \u00dcberzeugung, dass es unsere gemeinsame moralische Verpflichtung ist, eine nahtlose, zug\u00e4ngliche und ungehinderte Nutzung auch f\u00fcr Menschen mit Behinderungen zu erm\u00f6glichen.<\/p>\n\n\n\n<p>Trotz unserer Bem\u00fchungen, alle Inhalte und Seiten auf carlocao.com vollst\u00e4ndig zug\u00e4nglich zu machen, kann es sein, dass einige Inhalte noch nicht vollst\u00e4ndig an die strengsten Zug\u00e4nglichkeitsstandards angepasst wurden. Das kann daran liegen, dass wir noch nicht die geeignetste technische L\u00f6sung gefunden oder identifiziert haben.<\/p>\n\n\n\n<h2 class=\"wp-block-heading\">F\u00fcr dich da<\/h2>\n\n\n\n<p>Wenn du Schwierigkeiten mit einem Inhalt auf www.carlocao.com hast oder Hilfe bei einem Teil unserer Website ben\u00f6tigst, kontaktiere uns bitte w\u00e4hrend der \u00fcblichen Gesch\u00e4ftszeiten (siehe unten) und wir werden dir gerne helfen.<\/p>\n\n\n\n<h2 class=\"wp-block-heading\">Kontakt<\/h2>\n\n\n\n<p>Wenn du ein Problem mit der Zug\u00e4nglichkeit melden m\u00f6chtest, Fragen hast oder Hilfe ben\u00f6tigst, wende dich bitte an Carlo Cao:<\/p>\n\n\n\n<p>E-Mail: info (at) carlocao.com<\/p>\n","protected":false},"excerpt":{"rendered":"<p>Allgemein Carlo Cao ist bestrebt sicherzustellen, dass seine Dienste f\u00fcr Menschen mit Behinderungen zug\u00e4nglich sind. Carlo Cao hat eine erhebliche Menge an Ressourcen investiert, um sicherzustellen, dass carlocao.com f\u00fcr Menschen mit Behinderungen einfacher zu nutzen und zug\u00e4nglicher ist, in der festen \u00dcberzeugung, dass die Bem\u00fchungen um die Zug\u00e4nglichkeit der Website allen Nutzern helfen. Haftungsausschluss Carlo...<\/p>\n<p><a class=\"more-link\" href=\"https:\/\/carlocao.com\/de\/erklaerung-zur-barrierefreiheit\/\">Read More<\/a><\/p>","protected":false},"author":153012509,"featured_media":0,"parent":0,"menu_order":0,"comment_status":"closed","ping_status":"closed","template":"","meta":{"_stopmodifiedupdate":false,"_modified_date":"","wprm-recipe-roundup-name":"","wprm-recipe-roundup-description":"","_genesis_hide_title":false,"_genesis_hide_breadcrumbs":false,"_genesis_hide_singular_image":false,"_genesis_hide_footer_widgets":false,"_genesis_custom_body_class":"","_genesis_custom_post_class":"","_genesis_layout":"","footnotes":""},"categories":[],"tags":[],"yoast_head":"<!-- This site is optimized with the Yoast SEO plugin v24.3 - https:\/\/yoast.com\/wordpress\/plugins\/seo\/ -->\n<title>Erkl\u00e4rung zur Barrierefreiheit - Carlo Cao<\/title>\n<meta name=\"description\" content=\"Carlo Cao ist bestrebt sicherzustellen, dass seine Dienste f\u00fcr Menschen mit Behinderungen zug\u00e4nglich sind. Carlo Cao hat...\" \/>\n<meta name=\"robots\" content=\"index, follow, max-snippet:-1, max-image-preview:large, max-video-preview:-1\" \/>\n<link rel=\"canonical\" href=\"https:\/\/carlocao.com\/de\/erklaerung-zur-barrierefreiheit\/\" \/>\n<meta property=\"og:locale\" content=\"de_DE\" \/>\n<meta property=\"og:type\" content=\"article\" \/>\n<meta property=\"og:title\" content=\"Erkl\u00e4rung zur Barrierefreiheit - Carlo Cao\" \/>\n<meta property=\"og:description\" content=\"Carlo Cao ist bestrebt sicherzustellen, dass seine Dienste f\u00fcr Menschen mit Behinderungen zug\u00e4nglich sind. Carlo Cao hat...\" \/>\n<meta property=\"og:url\" content=\"https:\/\/carlocao.com\/de\/erklaerung-zur-barrierefreiheit\/\" \/>\n<meta property=\"og:site_name\" content=\"Carlo Cao - Genussvolle vegane Rezepte f\u00fcr alle\" \/>\n<meta property=\"article:publisher\" content=\"https:\/\/www.facebook.com\/foodbycarlocao\/\" \/>\n<meta property=\"article:modified_time\" content=\"2024-01-30T15:04:33+00:00\" \/>\n<meta name=\"twitter:card\" content=\"summary_large_image\" \/>\n<meta name=\"twitter:site\" content=\"@foodbycarlocao\" \/>\n<meta name=\"twitter:label1\" content=\"Gesch\u00e4tzte Lesezeit\" \/>\n\t<meta name=\"twitter:data1\" content=\"1\u00a0Minute\" \/>\n<script type=\"application\/ld+json\" class=\"yoast-schema-graph\">{\"@context\":\"https:\/\/schema.org\",\"@graph\":[{\"@type\":\"WebPage\",\"@id\":\"https:\/\/carlocao.com\/de\/erklaerung-zur-barrierefreiheit\/\",\"url\":\"https:\/\/carlocao.com\/de\/erklaerung-zur-barrierefreiheit\/\",\"name\":\"Erkl\u00e4rung zur Barrierefreiheit - Carlo Cao\",\"isPartOf\":{\"@id\":\"https:\/\/carlocao.com\/de\/#website\"},\"datePublished\":\"2024-01-30T08:19:55+00:00\",\"dateModified\":\"2024-01-30T15:04:33+00:00\",\"description\":\"Carlo Cao ist bestrebt sicherzustellen, dass seine Dienste f\u00fcr Menschen mit Behinderungen zug\u00e4nglich sind. Carlo Cao hat...\",\"breadcrumb\":{\"@id\":\"https:\/\/carlocao.com\/de\/erklaerung-zur-barrierefreiheit\/#breadcrumb\"},\"inLanguage\":\"de\",\"potentialAction\":[{\"@type\":\"ReadAction\",\"target\":[\"https:\/\/carlocao.com\/de\/erklaerung-zur-barrierefreiheit\/\"]}]},{\"@type\":\"BreadcrumbList\",\"@id\":\"https:\/\/carlocao.com\/de\/erklaerung-zur-barrierefreiheit\/#breadcrumb\",\"itemListElement\":[{\"@type\":\"ListItem\",\"position\":1,\"name\":\"Home\",\"item\":\"https:\/\/carlocao.com\/de\/\"},{\"@type\":\"ListItem\",\"position\":2,\"name\":\"Erkl\u00e4rung zur Barrierefreiheit\"}]},{\"@type\":\"WebSite\",\"@id\":\"https:\/\/carlocao.com\/de\/#website\",\"url\":\"https:\/\/carlocao.com\/de\/\",\"name\":\"Carlo Cao - Easy & Delicious Vegan Recipes For Everyone\",\"description\":\"Genussvolle vegane Rezepte f\u00fcr alle\",\"publisher\":{\"@id\":\"https:\/\/carlocao.com\/de\/#organization\"},\"potentialAction\":[{\"@type\":\"SearchAction\",\"target\":{\"@type\":\"EntryPoint\",\"urlTemplate\":\"https:\/\/carlocao.com\/de\/?s={search_term_string}\"},\"query-input\":{\"@type\":\"PropertyValueSpecification\",\"valueRequired\":true,\"valueName\":\"search_term_string\"}}],\"inLanguage\":\"de\"},{\"@type\":\"Organization\",\"@id\":\"https:\/\/carlocao.com\/de\/#organization\",\"name\":\"Food by Carlo Cao\",\"url\":\"https:\/\/carlocao.com\/de\/\",\"logo\":{\"@type\":\"ImageObject\",\"inLanguage\":\"de\",\"@id\":\"https:\/\/carlocao.com\/de\/#\/schema\/logo\/image\/\",\"url\":\"https:\/\/carlocao.com\/wp-content\/uploads\/2021\/04\/Untitled-design-3.jpg\",\"contentUrl\":\"https:\/\/carlocao.com\/wp-content\/uploads\/2021\/04\/Untitled-design-3.jpg\",\"width\":400,\"height\":140,\"caption\":\"Food by Carlo Cao\"},\"image\":{\"@id\":\"https:\/\/carlocao.com\/de\/#\/schema\/logo\/image\/\"},\"sameAs\":[\"https:\/\/www.facebook.com\/foodbycarlocao\/\",\"https:\/\/x.com\/foodbycarlocao\",\"https:\/\/www.instagram.com\/carlocao_\/\"]}]}<\/script>\n<!-- \/ Yoast SEO plugin. -->","yoast_head_json":{"title":"Erkl\u00e4rung zur Barrierefreiheit - Carlo Cao","description":"Carlo Cao ist bestrebt sicherzustellen, dass seine Dienste f\u00fcr Menschen mit Behinderungen zug\u00e4nglich sind. Carlo Cao hat...","robots":{"index":"index","follow":"follow","max-snippet":"max-snippet:-1","max-image-preview":"max-image-preview:large","max-video-preview":"max-video-preview:-1"},"canonical":"https:\/\/carlocao.com\/de\/erklaerung-zur-barrierefreiheit\/","og_locale":"de_DE","og_type":"article","og_title":"Erkl\u00e4rung zur Barrierefreiheit - Carlo Cao","og_description":"Carlo Cao ist bestrebt sicherzustellen, dass seine Dienste f\u00fcr Menschen mit Behinderungen zug\u00e4nglich sind. Carlo Cao hat...","og_url":"https:\/\/carlocao.com\/de\/erklaerung-zur-barrierefreiheit\/","og_site_name":"Carlo Cao - Genussvolle vegane Rezepte f\u00fcr alle","article_publisher":"https:\/\/www.facebook.com\/foodbycarlocao\/","article_modified_time":"2024-01-30T15:04:33+00:00","twitter_card":"summary_large_image","twitter_site":"@foodbycarlocao","twitter_misc":{"Gesch\u00e4tzte Lesezeit":"1\u00a0Minute"},"schema":{"@context":"https:\/\/schema.org","@graph":[{"@type":"WebPage","@id":"https:\/\/carlocao.com\/de\/erklaerung-zur-barrierefreiheit\/","url":"https:\/\/carlocao.com\/de\/erklaerung-zur-barrierefreiheit\/","name":"Erkl\u00e4rung zur Barrierefreiheit - Carlo Cao","isPartOf":{"@id":"https:\/\/carlocao.com\/de\/#website"},"datePublished":"2024-01-30T08:19:55+00:00","dateModified":"2024-01-30T15:04:33+00:00","description":"Carlo Cao ist bestrebt sicherzustellen, dass seine Dienste f\u00fcr Menschen mit Behinderungen zug\u00e4nglich sind. Carlo Cao hat...","breadcrumb":{"@id":"https:\/\/carlocao.com\/de\/erklaerung-zur-barrierefreiheit\/#breadcrumb"},"inLanguage":"de","potentialAction":[{"@type":"ReadAction","target":["https:\/\/carlocao.com\/de\/erklaerung-zur-barrierefreiheit\/"]}]},{"@type":"BreadcrumbList","@id":"https:\/\/carlocao.com\/de\/erklaerung-zur-barrierefreiheit\/#breadcrumb","itemListElement":[{"@type":"ListItem","position":1,"name":"Home","item":"https:\/\/carlocao.com\/de\/"},{"@type":"ListItem","position":2,"name":"Erkl\u00e4rung zur Barrierefreiheit"}]},{"@type":"WebSite","@id":"https:\/\/carlocao.com\/de\/#website","url":"https:\/\/carlocao.com\/de\/","name":"Carlo Cao - Easy & Delicious Vegan Recipes For Everyone","description":"Genussvolle vegane Rezepte f\u00fcr alle","publisher":{"@id":"https:\/\/carlocao.com\/de\/#organization"},"potentialAction":[{"@type":"SearchAction","target":{"@type":"EntryPoint","urlTemplate":"https:\/\/carlocao.com\/de\/?s={search_term_string}"},"query-input":{"@type":"PropertyValueSpecification","valueRequired":true,"valueName":"search_term_string"}}],"inLanguage":"de"},{"@type":"Organization","@id":"https:\/\/carlocao.com\/de\/#organization","name":"Food by Carlo Cao","url":"https:\/\/carlocao.com\/de\/","logo":{"@type":"ImageObject","inLanguage":"de","@id":"https:\/\/carlocao.com\/de\/#\/schema\/logo\/image\/","url":"https:\/\/carlocao.com\/wp-content\/uploads\/2021\/04\/Untitled-design-3.jpg","contentUrl":"https:\/\/carlocao.com\/wp-content\/uploads\/2021\/04\/Untitled-design-3.jpg","width":400,"height":140,"caption":"Food by Carlo Cao"},"image":{"@id":"https:\/\/carlocao.com\/de\/#\/schema\/logo\/image\/"},"sameAs":["https:\/\/www.facebook.com\/foodbycarlocao\/","https:\/\/x.com\/foodbycarlocao","https:\/\/www.instagram.com\/carlocao_\/"]}]}},"_links":{"self":[{"href":"https:\/\/carlocao.com\/de\/wp-json\/wp\/v2\/pages\/30954"}],"collection":[{"href":"https:\/\/carlocao.com\/de\/wp-json\/wp\/v2\/pages"}],"about":[{"href":"https:\/\/carlocao.com\/de\/wp-json\/wp\/v2\/types\/page"}],"author":[{"embeddable":true,"href":"https:\/\/carlocao.com\/de\/wp-json\/wp\/v2\/users\/153012509"}],"replies":[{"embeddable":true,"href":"https:\/\/carlocao.com\/de\/wp-json\/wp\/v2\/comments?post=30954"}],"version-history":[{"count":1,"href":"https:\/\/carlocao.com\/de\/wp-json\/wp\/v2\/pages\/30954\/revisions"}],"predecessor-version":[{"id":30956,"href":"https:\/\/carlocao.com\/de\/wp-json\/wp\/v2\/pages\/30954\/revisions\/30956"}],"wp:attachment":[{"href":"https:\/\/carlocao.com\/de\/wp-json\/wp\/v2\/media?parent=30954"}],"wp:term":[{"taxonomy":"category","embeddable":true,"href":"https:\/\/carlocao.com\/de\/wp-json\/wp\/v2\/categories?post=30954"},{"taxonomy":"post_tag","embeddable":true,"href":"https:\/\/carlocao.com\/de\/wp-json\/wp\/v2\/tags?post=30954"}],"curies":[{"name":"wp","href":"https:\/\/api.w.org\/{rel}","templated":true}]}}