{"id":19262,"date":"2021-07-05T09:37:59","date_gmt":"2021-07-05T09:37:59","guid":{"rendered":"https:\/\/carlocao.com\/?page_id=19262"},"modified":"2024-05-08T09:00:56","modified_gmt":"2024-05-08T09:00:56","slug":"kochbuecher-carlo-cao","status":"publish","type":"page","link":"https:\/\/carlocao.com\/de\/kochbuecher-carlo-cao\/","title":{"rendered":"Kochb\u00fccher"},"content":{"rendered":"\n<p>Hier findest du die vegane Kochb\u00fccher, die Carlo Cao bisher ver\u00f6ffentlicht hat.<\/p>\n\n\n\n<h2 class=\"wp-block-heading\">Genussvoll, Geschmackvoll, Vegan<\/h2>\n\n\n\n<div class=\"wp-block-media-text alignwide is-stacked-on-mobile\"><figure class=\"wp-block-media-text__media\"><a href=\"https:\/\/amzn.to\/49QCldI\"><img decoding=\"async\" width=\"780\" height=\"1024\" fetchpriority=\"high\" src=\"https:\/\/carlocao.com\/wp-content\/uploads\/2023\/11\/genussvoll-geschmackvoll-vegan-cover-kochbuch-780x1024.jpg\" alt=\"\" data-skip-lazy class=\"wp-image-29740 size-full\" srcset=\"https:\/\/carlocao.com\/wp-content\/uploads\/2023\/11\/genussvoll-geschmackvoll-vegan-cover-kochbuch-780x1024.jpg 780w, https:\/\/carlocao.com\/wp-content\/uploads\/2023\/11\/genussvoll-geschmackvoll-vegan-cover-kochbuch-228x300.jpg 228w, https:\/\/carlocao.com\/wp-content\/uploads\/2023\/11\/genussvoll-geschmackvoll-vegan-cover-kochbuch-768x1009.jpg 768w, https:\/\/carlocao.com\/wp-content\/uploads\/2023\/11\/genussvoll-geschmackvoll-vegan-cover-kochbuch-1170x1536.jpg 1170w, https:\/\/carlocao.com\/wp-content\/uploads\/2023\/11\/genussvoll-geschmackvoll-vegan-cover-kochbuch-720x946.jpg 720w, https:\/\/carlocao.com\/wp-content\/uploads\/2023\/11\/genussvoll-geschmackvoll-vegan-cover-kochbuch-360x473.jpg 360w, https:\/\/carlocao.com\/wp-content\/uploads\/2023\/11\/genussvoll-geschmackvoll-vegan-cover-kochbuch-180x236.jpg 180w, https:\/\/carlocao.com\/wp-content\/uploads\/2023\/11\/genussvoll-geschmackvoll-vegan-cover-kochbuch-150x197.jpg 150w, https:\/\/carlocao.com\/wp-content\/uploads\/2023\/11\/genussvoll-geschmackvoll-vegan-cover-kochbuch.jpg 1200w\" sizes=\"(max-width: 780px) 100vw, 780px\" \/><\/a><\/figure><div class=\"wp-block-media-text__content\">\n<p>Carlo Cao hat eine vollmundige Pflanzenk\u00fcche voller Genuss und Geschmack entwickelt. Aufgetischt werden beispielsweise ein <em>Grapefruitsalat mit Haselnuss-Balsamico-Dressing<\/em>, eine <em>Linsen-Walnuss-Bolognese mit Rosmarin-B\u00e9chamel<\/em> oder <em>Hirse-Pfannkuchen mit Kr\u00e4utern und Erbsen<\/em>. Dieses vegane Kochbuch bietet eine F\u00fclle an Rezepten f\u00fcr Pfanne, Topf, Fritteuse und Ofen, an Kreationen f\u00fcr den Fr\u00fchst\u00fccks- und Brunchtisch sowie das Salat- und Dessertb\u00fcffet. Eine pflanzenbasierte K\u00fcche, die aus dem Vollen sch\u00f6pft.<\/p>\n\n\n\n<p><a href=\"https:\/\/at-verlag.ch\/buch\/978-3-03902-213-7\/carlo-cao-genussvoll-geschmackvoll-vegan.html\">Jetzt bestellen<\/a><\/p>\n<\/div><\/div>\n\n\n\n<h2 class=\"wp-block-heading\">Party Food Vegan<\/h2>\n\n\n\n<div class=\"wp-block-media-text alignwide has-media-on-the-right is-stacked-on-mobile\"><div class=\"wp-block-media-text__content\">\n<p>In \"Party Food Vegan\" pr\u00e4sentiert Carlo Cao rund 100 Rezepte, die jede Party zu einem kulinarischen Erlebnis machen! Willst du Freunde zum Essen einladen und einer von ihnen ist Veganer? Oder bist du Vegetarier und m\u00f6chtest eine Dinnerparty f\u00fcr deine Familie schmei\u00dfen? Oder willst du einfach nur ein paar neue Rezepte ausprobieren? Dann ist dieses Buch genau das, wonach du gesucht hast!<\/p>\n\n\n\n<p><a href=\"https:\/\/amzn.to\/3QTvF5w\">Jetzt bestellen<\/a><\/p>\n<\/div><figure class=\"wp-block-media-text__media\"><a href=\"https:\/\/amzn.to\/3QTvF5w\"><img decoding=\"async\" width=\"725\" height=\"1024\" src=\"https:\/\/carlocao.com\/wp-content\/uploads\/2021\/07\/978-3-7423-1634-9_4c_Hires-1-725x1024.jpg\" alt=\"cover of pasty food vegan cookbook\" class=\"wp-image-19391 size-full\" srcset=\"https:\/\/carlocao.com\/wp-content\/uploads\/2021\/07\/978-3-7423-1634-9_4c_Hires-1-725x1024.jpg 725w, https:\/\/carlocao.com\/wp-content\/uploads\/2021\/07\/978-3-7423-1634-9_4c_Hires-1-213x300.jpg 213w, https:\/\/carlocao.com\/wp-content\/uploads\/2021\/07\/978-3-7423-1634-9_4c_Hires-1-768x1084.jpg 768w, https:\/\/carlocao.com\/wp-content\/uploads\/2021\/07\/978-3-7423-1634-9_4c_Hires-1-1088x1536.jpg 1088w, https:\/\/carlocao.com\/wp-content\/uploads\/2021\/07\/978-3-7423-1634-9_4c_Hires-1-720x1016.jpg 720w, https:\/\/carlocao.com\/wp-content\/uploads\/2021\/07\/978-3-7423-1634-9_4c_Hires-1-360x508.jpg 360w, https:\/\/carlocao.com\/wp-content\/uploads\/2021\/07\/978-3-7423-1634-9_4c_Hires-1-180x254.jpg 180w, https:\/\/carlocao.com\/wp-content\/uploads\/2021\/07\/978-3-7423-1634-9_4c_Hires-1.jpg 1200w\" sizes=\"(max-width: 725px) 100vw, 725px\" \/><\/a><\/figure><\/div>\n\n\n\n<div style=\"height:12px\" aria-hidden=\"true\" class=\"wp-block-spacer\"><\/div>\n","protected":false},"excerpt":{"rendered":"<p>Hier findest du die vegane Kochb\u00fccher, die Carlo Cao bisher ver\u00f6ffentlicht hat. Genussvoll, Geschmackvoll, Vegan Carlo Cao hat eine vollmundige Pflanzenk\u00fcche voller Genuss und Geschmack entwickelt. Aufgetischt werden beispielsweise ein Grapefruitsalat mit Haselnuss-Balsamico-Dressing, eine Linsen-Walnuss-Bolognese mit Rosmarin-B\u00e9chamel oder Hirse-Pfannkuchen mit Kr\u00e4utern und Erbsen. Dieses vegane Kochbuch bietet eine F\u00fclle an Rezepten f\u00fcr Pfanne, Topf, Fritteuse...<\/p>\n<p><a class=\"more-link\" href=\"https:\/\/carlocao.com\/de\/kochbuecher-carlo-cao\/\">Read More<\/a><\/p>","protected":false},"author":153012509,"featured_media":19273,"parent":0,"menu_order":0,"comment_status":"closed","ping_status":"closed","template":"","meta":{"_stopmodifiedupdate":false,"_modified_date":"","wprm-recipe-roundup-name":"","wprm-recipe-roundup-description":"","_genesis_hide_title":false,"_genesis_hide_breadcrumbs":false,"_genesis_hide_singular_image":false,"_genesis_hide_footer_widgets":false,"_genesis_custom_body_class":"","_genesis_custom_post_class":"","_genesis_layout":"","footnotes":""},"categories":[],"tags":[],"yoast_head":"<!-- This site is optimized with the Yoast SEO plugin v24.3 - https:\/\/yoast.com\/wordpress\/plugins\/seo\/ -->\n<title>Kochb\u00fccher - Carlo Cao<\/title>\n<meta name=\"description\" content=\"Hier findest du die Kochb\u00fccher, die Carlo Cao bisher ver\u00f6ffentlicht hat: &quot;Genussvoll, Geschmackvoll, Vegan&quot;, &quot;Party Food Vegan&quot; und...\" \/>\n<meta name=\"robots\" content=\"index, follow, max-snippet:-1, max-image-preview:large, max-video-preview:-1\" \/>\n<link rel=\"canonical\" href=\"https:\/\/carlocao.com\/de\/kochbuecher-carlo-cao\/\" \/>\n<meta property=\"og:locale\" content=\"de_DE\" \/>\n<meta property=\"og:type\" content=\"article\" \/>\n<meta property=\"og:title\" content=\"Kochb\u00fccher - Carlo Cao\" \/>\n<meta property=\"og:description\" content=\"Hier findest du die Kochb\u00fccher, die Carlo Cao bisher ver\u00f6ffentlicht hat: &quot;Genussvoll, Geschmackvoll, Vegan&quot;, &quot;Party Food Vegan&quot; und...\" \/>\n<meta property=\"og:url\" content=\"https:\/\/carlocao.com\/de\/kochbuecher-carlo-cao\/\" \/>\n<meta property=\"og:site_name\" content=\"Carlo Cao - Genussvolle vegane Rezepte f\u00fcr alle\" \/>\n<meta property=\"article:publisher\" content=\"https:\/\/www.facebook.com\/foodbycarlocao\/\" \/>\n<meta property=\"article:modified_time\" content=\"2024-05-08T09:00:56+00:00\" \/>\n<meta property=\"og:image\" content=\"https:\/\/carlocao.com\/wp-content\/uploads\/2021\/07\/978-3-7423-1634-9_4c_Hires.jpg\" \/>\n\t<meta property=\"og:image:width\" content=\"1200\" \/>\n\t<meta property=\"og:image:height\" content=\"1694\" \/>\n\t<meta property=\"og:image:type\" content=\"image\/jpeg\" \/>\n<meta name=\"twitter:card\" content=\"summary_large_image\" \/>\n<meta name=\"twitter:site\" content=\"@foodbycarlocao\" \/>\n<meta name=\"twitter:label1\" content=\"Gesch\u00e4tzte Lesezeit\" \/>\n\t<meta name=\"twitter:data1\" content=\"2\u00a0Minuten\" \/>\n<script type=\"application\/ld+json\" class=\"yoast-schema-graph\">{\"@context\":\"https:\/\/schema.org\",\"@graph\":[{\"@type\":\"WebPage\",\"@id\":\"https:\/\/carlocao.com\/de\/kochbuecher-carlo-cao\/\",\"url\":\"https:\/\/carlocao.com\/de\/kochbuecher-carlo-cao\/\",\"name\":\"Kochb\u00fccher - Carlo Cao\",\"isPartOf\":{\"@id\":\"https:\/\/carlocao.com\/de\/#website\"},\"primaryImageOfPage\":{\"@id\":\"https:\/\/carlocao.com\/de\/kochbuecher-carlo-cao\/#primaryimage\"},\"image\":{\"@id\":\"https:\/\/carlocao.com\/de\/kochbuecher-carlo-cao\/#primaryimage\"},\"thumbnailUrl\":\"https:\/\/carlocao.com\/wp-content\/uploads\/2021\/07\/978-3-7423-1634-9_4c_Hires.jpg\",\"datePublished\":\"2021-07-05T09:37:59+00:00\",\"dateModified\":\"2024-05-08T09:00:56+00:00\",\"description\":\"Hier findest du die Kochb\u00fccher, die Carlo Cao bisher ver\u00f6ffentlicht hat: \\\"Genussvoll, Geschmackvoll, Vegan\\\", \\\"Party Food Vegan\\\" und...\",\"breadcrumb\":{\"@id\":\"https:\/\/carlocao.com\/de\/kochbuecher-carlo-cao\/#breadcrumb\"},\"inLanguage\":\"de\",\"potentialAction\":[{\"@type\":\"ReadAction\",\"target\":[\"https:\/\/carlocao.com\/de\/kochbuecher-carlo-cao\/\"]}]},{\"@type\":\"ImageObject\",\"inLanguage\":\"de\",\"@id\":\"https:\/\/carlocao.com\/de\/kochbuecher-carlo-cao\/#primaryimage\",\"url\":\"https:\/\/carlocao.com\/wp-content\/uploads\/2021\/07\/978-3-7423-1634-9_4c_Hires.jpg\",\"contentUrl\":\"https:\/\/carlocao.com\/wp-content\/uploads\/2021\/07\/978-3-7423-1634-9_4c_Hires.jpg\",\"width\":1200,\"height\":1694},{\"@type\":\"BreadcrumbList\",\"@id\":\"https:\/\/carlocao.com\/de\/kochbuecher-carlo-cao\/#breadcrumb\",\"itemListElement\":[{\"@type\":\"ListItem\",\"position\":1,\"name\":\"Home\",\"item\":\"https:\/\/carlocao.com\/de\/\"},{\"@type\":\"ListItem\",\"position\":2,\"name\":\"Kochb\u00fccher\"}]},{\"@type\":\"WebSite\",\"@id\":\"https:\/\/carlocao.com\/de\/#website\",\"url\":\"https:\/\/carlocao.com\/de\/\",\"name\":\"Carlo Cao - Easy & Delicious Vegan Recipes For Everyone\",\"description\":\"Genussvolle vegane Rezepte f\u00fcr alle\",\"publisher\":{\"@id\":\"https:\/\/carlocao.com\/de\/#organization\"},\"potentialAction\":[{\"@type\":\"SearchAction\",\"target\":{\"@type\":\"EntryPoint\",\"urlTemplate\":\"https:\/\/carlocao.com\/de\/?s={search_term_string}\"},\"query-input\":{\"@type\":\"PropertyValueSpecification\",\"valueRequired\":true,\"valueName\":\"search_term_string\"}}],\"inLanguage\":\"de\"},{\"@type\":\"Organization\",\"@id\":\"https:\/\/carlocao.com\/de\/#organization\",\"name\":\"Food by Carlo Cao\",\"url\":\"https:\/\/carlocao.com\/de\/\",\"logo\":{\"@type\":\"ImageObject\",\"inLanguage\":\"de\",\"@id\":\"https:\/\/carlocao.com\/de\/#\/schema\/logo\/image\/\",\"url\":\"https:\/\/carlocao.com\/wp-content\/uploads\/2021\/04\/Untitled-design-3.jpg\",\"contentUrl\":\"https:\/\/carlocao.com\/wp-content\/uploads\/2021\/04\/Untitled-design-3.jpg\",\"width\":400,\"height\":140,\"caption\":\"Food by Carlo Cao\"},\"image\":{\"@id\":\"https:\/\/carlocao.com\/de\/#\/schema\/logo\/image\/\"},\"sameAs\":[\"https:\/\/www.facebook.com\/foodbycarlocao\/\",\"https:\/\/x.com\/foodbycarlocao\",\"https:\/\/www.instagram.com\/carlocao_\/\"]}]}<\/script>\n<!-- \/ Yoast SEO plugin. -->","yoast_head_json":{"title":"Kochb\u00fccher - Carlo Cao","description":"Hier findest du die Kochb\u00fccher, die Carlo Cao bisher ver\u00f6ffentlicht hat: \"Genussvoll, Geschmackvoll, Vegan\", \"Party Food Vegan\" und...","robots":{"index":"index","follow":"follow","max-snippet":"max-snippet:-1","max-image-preview":"max-image-preview:large","max-video-preview":"max-video-preview:-1"},"canonical":"https:\/\/carlocao.com\/de\/kochbuecher-carlo-cao\/","og_locale":"de_DE","og_type":"article","og_title":"Kochb\u00fccher - Carlo Cao","og_description":"Hier findest du die Kochb\u00fccher, die Carlo Cao bisher ver\u00f6ffentlicht hat: \"Genussvoll, Geschmackvoll, Vegan\", \"Party Food Vegan\" und...","og_url":"https:\/\/carlocao.com\/de\/kochbuecher-carlo-cao\/","og_site_name":"Carlo Cao - Genussvolle vegane Rezepte f\u00fcr alle","article_publisher":"https:\/\/www.facebook.com\/foodbycarlocao\/","article_modified_time":"2024-05-08T09:00:56+00:00","og_image":[{"width":1200,"height":1694,"url":"https:\/\/carlocao.com\/wp-content\/uploads\/2021\/07\/978-3-7423-1634-9_4c_Hires.jpg","type":"image\/jpeg"}],"twitter_card":"summary_large_image","twitter_site":"@foodbycarlocao","twitter_misc":{"Gesch\u00e4tzte Lesezeit":"2\u00a0Minuten"},"schema":{"@context":"https:\/\/schema.org","@graph":[{"@type":"WebPage","@id":"https:\/\/carlocao.com\/de\/kochbuecher-carlo-cao\/","url":"https:\/\/carlocao.com\/de\/kochbuecher-carlo-cao\/","name":"Kochb\u00fccher - Carlo Cao","isPartOf":{"@id":"https:\/\/carlocao.com\/de\/#website"},"primaryImageOfPage":{"@id":"https:\/\/carlocao.com\/de\/kochbuecher-carlo-cao\/#primaryimage"},"image":{"@id":"https:\/\/carlocao.com\/de\/kochbuecher-carlo-cao\/#primaryimage"},"thumbnailUrl":"https:\/\/carlocao.com\/wp-content\/uploads\/2021\/07\/978-3-7423-1634-9_4c_Hires.jpg","datePublished":"2021-07-05T09:37:59+00:00","dateModified":"2024-05-08T09:00:56+00:00","description":"Hier findest du die Kochb\u00fccher, die Carlo Cao bisher ver\u00f6ffentlicht hat: \"Genussvoll, Geschmackvoll, Vegan\", \"Party Food Vegan\" und...","breadcrumb":{"@id":"https:\/\/carlocao.com\/de\/kochbuecher-carlo-cao\/#breadcrumb"},"inLanguage":"de","potentialAction":[{"@type":"ReadAction","target":["https:\/\/carlocao.com\/de\/kochbuecher-carlo-cao\/"]}]},{"@type":"ImageObject","inLanguage":"de","@id":"https:\/\/carlocao.com\/de\/kochbuecher-carlo-cao\/#primaryimage","url":"https:\/\/carlocao.com\/wp-content\/uploads\/2021\/07\/978-3-7423-1634-9_4c_Hires.jpg","contentUrl":"https:\/\/carlocao.com\/wp-content\/uploads\/2021\/07\/978-3-7423-1634-9_4c_Hires.jpg","width":1200,"height":1694},{"@type":"BreadcrumbList","@id":"https:\/\/carlocao.com\/de\/kochbuecher-carlo-cao\/#breadcrumb","itemListElement":[{"@type":"ListItem","position":1,"name":"Home","item":"https:\/\/carlocao.com\/de\/"},{"@type":"ListItem","position":2,"name":"Kochb\u00fccher"}]},{"@type":"WebSite","@id":"https:\/\/carlocao.com\/de\/#website","url":"https:\/\/carlocao.com\/de\/","name":"Carlo Cao - Easy & Delicious Vegan Recipes For Everyone","description":"Genussvolle vegane Rezepte f\u00fcr alle","publisher":{"@id":"https:\/\/carlocao.com\/de\/#organization"},"potentialAction":[{"@type":"SearchAction","target":{"@type":"EntryPoint","urlTemplate":"https:\/\/carlocao.com\/de\/?s={search_term_string}"},"query-input":{"@type":"PropertyValueSpecification","valueRequired":true,"valueName":"search_term_string"}}],"inLanguage":"de"},{"@type":"Organization","@id":"https:\/\/carlocao.com\/de\/#organization","name":"Food by Carlo Cao","url":"https:\/\/carlocao.com\/de\/","logo":{"@type":"ImageObject","inLanguage":"de","@id":"https:\/\/carlocao.com\/de\/#\/schema\/logo\/image\/","url":"https:\/\/carlocao.com\/wp-content\/uploads\/2021\/04\/Untitled-design-3.jpg","contentUrl":"https:\/\/carlocao.com\/wp-content\/uploads\/2021\/04\/Untitled-design-3.jpg","width":400,"height":140,"caption":"Food by Carlo Cao"},"image":{"@id":"https:\/\/carlocao.com\/de\/#\/schema\/logo\/image\/"},"sameAs":["https:\/\/www.facebook.com\/foodbycarlocao\/","https:\/\/x.com\/foodbycarlocao","https:\/\/www.instagram.com\/carlocao_\/"]}]}},"_links":{"self":[{"href":"https:\/\/carlocao.com\/de\/wp-json\/wp\/v2\/pages\/19262"}],"collection":[{"href":"https:\/\/carlocao.com\/de\/wp-json\/wp\/v2\/pages"}],"about":[{"href":"https:\/\/carlocao.com\/de\/wp-json\/wp\/v2\/types\/page"}],"author":[{"embeddable":true,"href":"https:\/\/carlocao.com\/de\/wp-json\/wp\/v2\/users\/153012509"}],"replies":[{"embeddable":true,"href":"https:\/\/carlocao.com\/de\/wp-json\/wp\/v2\/comments?post=19262"}],"version-history":[{"count":10,"href":"https:\/\/carlocao.com\/de\/wp-json\/wp\/v2\/pages\/19262\/revisions"}],"predecessor-version":[{"id":32894,"href":"https:\/\/carlocao.com\/de\/wp-json\/wp\/v2\/pages\/19262\/revisions\/32894"}],"wp:featuredmedia":[{"embeddable":true,"href":"https:\/\/carlocao.com\/de\/wp-json\/wp\/v2\/media\/19273"}],"wp:attachment":[{"href":"https:\/\/carlocao.com\/de\/wp-json\/wp\/v2\/media?parent=19262"}],"wp:term":[{"taxonomy":"category","embeddable":true,"href":"https:\/\/carlocao.com\/de\/wp-json\/wp\/v2\/categories?post=19262"},{"taxonomy":"post_tag","embeddable":true,"href":"https:\/\/carlocao.com\/de\/wp-json\/wp\/v2\/tags?post=19262"}],"curies":[{"name":"wp","href":"https:\/\/api.w.org\/{rel}","templated":true}]}}