{"id":1766,"date":"2019-09-09T09:28:54","date_gmt":"2019-09-09T09:28:54","guid":{"rendered":"https:\/\/carlocao.com\/contact\/"},"modified":"2023-11-23T08:14:23","modified_gmt":"2023-11-23T08:14:23","slug":"kontakt","status":"publish","type":"page","link":"https:\/\/carlocao.com\/de\/kontakt\/","title":{"rendered":"Kontakt"},"content":{"rendered":"\n<p>Mit Sitz im Zentrum von Z\u00fcrich, Schweiz, sind wir immer auf der Suche nach einer Zusammenarbeit mit Sponsoren, die mit unseren Werten \u00fcbereinstimmen. Wenn Sie Fragen oder Anregungen haben oder mit uns zusammenarbeiten m\u00f6chten, z\u00f6gern Sie nicht, uns zu kontaktieren. Wir werden uns so schnell wie m\u00f6glich bei Ihnen melden.<\/p>\n\n\n\n<p>Wir haben das Kontaktformular aufgrund von Spam abgeschaltet.<\/p>\n\n\n\n<p>Bitte wenden Sie sich per E-Mail an uns: <strong>info@carlocao.com<\/strong><\/p>\n\n\n\n<figure class=\"wp-block-image size-full\"><img decoding=\"async\" width=\"1200\" height=\"1798\" fetchpriority=\"high\" src=\"https:\/\/carlocao.com\/wp-content\/uploads\/2023\/09\/2.Autor_Bild.jpg\" alt=\"\" data-skip-lazy class=\"wp-image-28819\" srcset=\"https:\/\/carlocao.com\/wp-content\/uploads\/2023\/09\/2.Autor_Bild.jpg 1200w, https:\/\/carlocao.com\/wp-content\/uploads\/2023\/09\/2.Autor_Bild-200x300.jpg 200w, https:\/\/carlocao.com\/wp-content\/uploads\/2023\/09\/2.Autor_Bild-683x1024.jpg 683w, https:\/\/carlocao.com\/wp-content\/uploads\/2023\/09\/2.Autor_Bild-768x1151.jpg 768w, https:\/\/carlocao.com\/wp-content\/uploads\/2023\/09\/2.Autor_Bild-1025x1536.jpg 1025w, https:\/\/carlocao.com\/wp-content\/uploads\/2023\/09\/2.Autor_Bild-720x1079.jpg 720w, https:\/\/carlocao.com\/wp-content\/uploads\/2023\/09\/2.Autor_Bild-360x539.jpg 360w, https:\/\/carlocao.com\/wp-content\/uploads\/2023\/09\/2.Autor_Bild-180x270.jpg 180w, https:\/\/carlocao.com\/wp-content\/uploads\/2023\/09\/2.Autor_Bild-150x225.jpg 150w\" sizes=\"(max-width: 1200px) 100vw, 1200px\" \/><\/figure>\n\n\n<div id=\"hide-grow-widget\"><\/div>","protected":false},"excerpt":{"rendered":"<p>Mit Sitz im Zentrum von Z\u00fcrich, Schweiz, sind wir immer auf der Suche nach einer Zusammenarbeit mit Sponsoren, die mit unseren Werten \u00fcbereinstimmen. Wenn Sie Fragen oder Anregungen haben oder mit uns zusammenarbeiten m\u00f6chten, z\u00f6gern Sie nicht, uns zu kontaktieren. Wir werden uns so schnell wie m\u00f6glich bei Ihnen melden. Wir haben das Kontaktformular aufgrund...<\/p>\n<p><a class=\"more-link\" href=\"https:\/\/carlocao.com\/de\/kontakt\/\">Read More<\/a><\/p>","protected":false},"author":153012509,"featured_media":28819,"parent":0,"menu_order":0,"comment_status":"closed","ping_status":"closed","template":"","meta":{"_stopmodifiedupdate":false,"_modified_date":"","wprm-recipe-roundup-name":"","wprm-recipe-roundup-description":"","_genesis_hide_title":false,"_genesis_hide_breadcrumbs":false,"_genesis_hide_singular_image":false,"_genesis_hide_footer_widgets":false,"_genesis_custom_body_class":"","_genesis_custom_post_class":"","_genesis_layout":"","footnotes":""},"categories":[],"tags":[],"yoast_head":"<!-- This site is optimized with the Yoast SEO plugin v24.3 - https:\/\/yoast.com\/wordpress\/plugins\/seo\/ -->\n<title>Kontakt - Carlo Cao<\/title>\n<meta name=\"description\" content=\"Mit Sitz im Zentrum von Z\u00fcrich, Schweiz, sind wir immer auf der Suche nach einer Zusammenarbeit mit Sponsoren, die mit unseren...\" \/>\n<meta name=\"robots\" content=\"index, follow, max-snippet:-1, max-image-preview:large, max-video-preview:-1\" \/>\n<link rel=\"canonical\" href=\"https:\/\/carlocao.com\/de\/kontakt\/\" \/>\n<meta property=\"og:locale\" content=\"de_DE\" \/>\n<meta property=\"og:type\" content=\"article\" \/>\n<meta property=\"og:title\" content=\"Kontakt - Carlo Cao\" \/>\n<meta property=\"og:description\" content=\"Mit Sitz im Zentrum von Z\u00fcrich, Schweiz, sind wir immer auf der Suche nach einer Zusammenarbeit mit Sponsoren, die mit unseren...\" \/>\n<meta property=\"og:url\" content=\"https:\/\/carlocao.com\/de\/kontakt\/\" \/>\n<meta property=\"og:site_name\" content=\"Carlo Cao - Genussvolle vegane Rezepte f\u00fcr alle\" \/>\n<meta property=\"article:publisher\" content=\"https:\/\/www.facebook.com\/foodbycarlocao\/\" \/>\n<meta property=\"article:modified_time\" content=\"2023-11-23T08:14:23+00:00\" \/>\n<meta property=\"og:image\" content=\"https:\/\/carlocao.com\/wp-content\/uploads\/2023\/09\/2.Autor_Bild.jpg\" \/>\n\t<meta property=\"og:image:width\" content=\"1200\" \/>\n\t<meta property=\"og:image:height\" content=\"1798\" \/>\n\t<meta property=\"og:image:type\" content=\"image\/jpeg\" \/>\n<meta name=\"twitter:card\" content=\"summary_large_image\" \/>\n<meta name=\"twitter:site\" content=\"@foodbycarlocao\" \/>\n<script type=\"application\/ld+json\" class=\"yoast-schema-graph\">{\"@context\":\"https:\/\/schema.org\",\"@graph\":[{\"@type\":\"WebPage\",\"@id\":\"https:\/\/carlocao.com\/de\/kontakt\/\",\"url\":\"https:\/\/carlocao.com\/de\/kontakt\/\",\"name\":\"Kontakt - Carlo Cao\",\"isPartOf\":{\"@id\":\"https:\/\/carlocao.com\/de\/#website\"},\"primaryImageOfPage\":{\"@id\":\"https:\/\/carlocao.com\/de\/kontakt\/#primaryimage\"},\"image\":{\"@id\":\"https:\/\/carlocao.com\/de\/kontakt\/#primaryimage\"},\"thumbnailUrl\":\"https:\/\/carlocao.com\/wp-content\/uploads\/2023\/09\/2.Autor_Bild.jpg\",\"datePublished\":\"2019-09-09T09:28:54+00:00\",\"dateModified\":\"2023-11-23T08:14:23+00:00\",\"description\":\"Mit Sitz im Zentrum von Z\u00fcrich, Schweiz, sind wir immer auf der Suche nach einer Zusammenarbeit mit Sponsoren, die mit unseren...\",\"breadcrumb\":{\"@id\":\"https:\/\/carlocao.com\/de\/kontakt\/#breadcrumb\"},\"inLanguage\":\"de\",\"potentialAction\":[{\"@type\":\"ReadAction\",\"target\":[\"https:\/\/carlocao.com\/de\/kontakt\/\"]}]},{\"@type\":\"ImageObject\",\"inLanguage\":\"de\",\"@id\":\"https:\/\/carlocao.com\/de\/kontakt\/#primaryimage\",\"url\":\"https:\/\/carlocao.com\/wp-content\/uploads\/2023\/09\/2.Autor_Bild.jpg\",\"contentUrl\":\"https:\/\/carlocao.com\/wp-content\/uploads\/2023\/09\/2.Autor_Bild.jpg\",\"width\":1200,\"height\":1798},{\"@type\":\"BreadcrumbList\",\"@id\":\"https:\/\/carlocao.com\/de\/kontakt\/#breadcrumb\",\"itemListElement\":[{\"@type\":\"ListItem\",\"position\":1,\"name\":\"Home\",\"item\":\"https:\/\/carlocao.com\/de\/\"},{\"@type\":\"ListItem\",\"position\":2,\"name\":\"Kontakt\"}]},{\"@type\":\"WebSite\",\"@id\":\"https:\/\/carlocao.com\/de\/#website\",\"url\":\"https:\/\/carlocao.com\/de\/\",\"name\":\"Carlo Cao - Easy & Delicious Vegan Recipes For Everyone\",\"description\":\"Genussvolle vegane Rezepte f\u00fcr alle\",\"publisher\":{\"@id\":\"https:\/\/carlocao.com\/de\/#organization\"},\"potentialAction\":[{\"@type\":\"SearchAction\",\"target\":{\"@type\":\"EntryPoint\",\"urlTemplate\":\"https:\/\/carlocao.com\/de\/?s={search_term_string}\"},\"query-input\":{\"@type\":\"PropertyValueSpecification\",\"valueRequired\":true,\"valueName\":\"search_term_string\"}}],\"inLanguage\":\"de\"},{\"@type\":\"Organization\",\"@id\":\"https:\/\/carlocao.com\/de\/#organization\",\"name\":\"Food by Carlo Cao\",\"url\":\"https:\/\/carlocao.com\/de\/\",\"logo\":{\"@type\":\"ImageObject\",\"inLanguage\":\"de\",\"@id\":\"https:\/\/carlocao.com\/de\/#\/schema\/logo\/image\/\",\"url\":\"https:\/\/carlocao.com\/wp-content\/uploads\/2021\/04\/Untitled-design-3.jpg\",\"contentUrl\":\"https:\/\/carlocao.com\/wp-content\/uploads\/2021\/04\/Untitled-design-3.jpg\",\"width\":400,\"height\":140,\"caption\":\"Food by Carlo Cao\"},\"image\":{\"@id\":\"https:\/\/carlocao.com\/de\/#\/schema\/logo\/image\/\"},\"sameAs\":[\"https:\/\/www.facebook.com\/foodbycarlocao\/\",\"https:\/\/x.com\/foodbycarlocao\",\"https:\/\/www.instagram.com\/carlocao_\/\"]}]}<\/script>\n<!-- \/ Yoast SEO plugin. -->","yoast_head_json":{"title":"Kontakt - Carlo Cao","description":"Mit Sitz im Zentrum von Z\u00fcrich, Schweiz, sind wir immer auf der Suche nach einer Zusammenarbeit mit Sponsoren, die mit unseren...","robots":{"index":"index","follow":"follow","max-snippet":"max-snippet:-1","max-image-preview":"max-image-preview:large","max-video-preview":"max-video-preview:-1"},"canonical":"https:\/\/carlocao.com\/de\/kontakt\/","og_locale":"de_DE","og_type":"article","og_title":"Kontakt - Carlo Cao","og_description":"Mit Sitz im Zentrum von Z\u00fcrich, Schweiz, sind wir immer auf der Suche nach einer Zusammenarbeit mit Sponsoren, die mit unseren...","og_url":"https:\/\/carlocao.com\/de\/kontakt\/","og_site_name":"Carlo Cao - Genussvolle vegane Rezepte f\u00fcr alle","article_publisher":"https:\/\/www.facebook.com\/foodbycarlocao\/","article_modified_time":"2023-11-23T08:14:23+00:00","og_image":[{"width":1200,"height":1798,"url":"https:\/\/carlocao.com\/wp-content\/uploads\/2023\/09\/2.Autor_Bild.jpg","type":"image\/jpeg"}],"twitter_card":"summary_large_image","twitter_site":"@foodbycarlocao","schema":{"@context":"https:\/\/schema.org","@graph":[{"@type":"WebPage","@id":"https:\/\/carlocao.com\/de\/kontakt\/","url":"https:\/\/carlocao.com\/de\/kontakt\/","name":"Kontakt - Carlo Cao","isPartOf":{"@id":"https:\/\/carlocao.com\/de\/#website"},"primaryImageOfPage":{"@id":"https:\/\/carlocao.com\/de\/kontakt\/#primaryimage"},"image":{"@id":"https:\/\/carlocao.com\/de\/kontakt\/#primaryimage"},"thumbnailUrl":"https:\/\/carlocao.com\/wp-content\/uploads\/2023\/09\/2.Autor_Bild.jpg","datePublished":"2019-09-09T09:28:54+00:00","dateModified":"2023-11-23T08:14:23+00:00","description":"Mit Sitz im Zentrum von Z\u00fcrich, Schweiz, sind wir immer auf der Suche nach einer Zusammenarbeit mit Sponsoren, die mit unseren...","breadcrumb":{"@id":"https:\/\/carlocao.com\/de\/kontakt\/#breadcrumb"},"inLanguage":"de","potentialAction":[{"@type":"ReadAction","target":["https:\/\/carlocao.com\/de\/kontakt\/"]}]},{"@type":"ImageObject","inLanguage":"de","@id":"https:\/\/carlocao.com\/de\/kontakt\/#primaryimage","url":"https:\/\/carlocao.com\/wp-content\/uploads\/2023\/09\/2.Autor_Bild.jpg","contentUrl":"https:\/\/carlocao.com\/wp-content\/uploads\/2023\/09\/2.Autor_Bild.jpg","width":1200,"height":1798},{"@type":"BreadcrumbList","@id":"https:\/\/carlocao.com\/de\/kontakt\/#breadcrumb","itemListElement":[{"@type":"ListItem","position":1,"name":"Home","item":"https:\/\/carlocao.com\/de\/"},{"@type":"ListItem","position":2,"name":"Kontakt"}]},{"@type":"WebSite","@id":"https:\/\/carlocao.com\/de\/#website","url":"https:\/\/carlocao.com\/de\/","name":"Carlo Cao - Easy & Delicious Vegan Recipes For Everyone","description":"Genussvolle vegane Rezepte f\u00fcr alle","publisher":{"@id":"https:\/\/carlocao.com\/de\/#organization"},"potentialAction":[{"@type":"SearchAction","target":{"@type":"EntryPoint","urlTemplate":"https:\/\/carlocao.com\/de\/?s={search_term_string}"},"query-input":{"@type":"PropertyValueSpecification","valueRequired":true,"valueName":"search_term_string"}}],"inLanguage":"de"},{"@type":"Organization","@id":"https:\/\/carlocao.com\/de\/#organization","name":"Food by Carlo Cao","url":"https:\/\/carlocao.com\/de\/","logo":{"@type":"ImageObject","inLanguage":"de","@id":"https:\/\/carlocao.com\/de\/#\/schema\/logo\/image\/","url":"https:\/\/carlocao.com\/wp-content\/uploads\/2021\/04\/Untitled-design-3.jpg","contentUrl":"https:\/\/carlocao.com\/wp-content\/uploads\/2021\/04\/Untitled-design-3.jpg","width":400,"height":140,"caption":"Food by Carlo Cao"},"image":{"@id":"https:\/\/carlocao.com\/de\/#\/schema\/logo\/image\/"},"sameAs":["https:\/\/www.facebook.com\/foodbycarlocao\/","https:\/\/x.com\/foodbycarlocao","https:\/\/www.instagram.com\/carlocao_\/"]}]}},"_links":{"self":[{"href":"https:\/\/carlocao.com\/de\/wp-json\/wp\/v2\/pages\/1766"}],"collection":[{"href":"https:\/\/carlocao.com\/de\/wp-json\/wp\/v2\/pages"}],"about":[{"href":"https:\/\/carlocao.com\/de\/wp-json\/wp\/v2\/types\/page"}],"author":[{"embeddable":true,"href":"https:\/\/carlocao.com\/de\/wp-json\/wp\/v2\/users\/153012509"}],"replies":[{"embeddable":true,"href":"https:\/\/carlocao.com\/de\/wp-json\/wp\/v2\/comments?post=1766"}],"version-history":[{"count":9,"href":"https:\/\/carlocao.com\/de\/wp-json\/wp\/v2\/pages\/1766\/revisions"}],"predecessor-version":[{"id":29782,"href":"https:\/\/carlocao.com\/de\/wp-json\/wp\/v2\/pages\/1766\/revisions\/29782"}],"wp:featuredmedia":[{"embeddable":true,"href":"https:\/\/carlocao.com\/de\/wp-json\/wp\/v2\/media\/28819"}],"wp:attachment":[{"href":"https:\/\/carlocao.com\/de\/wp-json\/wp\/v2\/media?parent=1766"}],"wp:term":[{"taxonomy":"category","embeddable":true,"href":"https:\/\/carlocao.com\/de\/wp-json\/wp\/v2\/categories?post=1766"},{"taxonomy":"post_tag","embeddable":true,"href":"https:\/\/carlocao.com\/de\/wp-json\/wp\/v2\/tags?post=1766"}],"curies":[{"name":"wp","href":"https:\/\/api.w.org\/{rel}","templated":true}]}}